{"id":6517,"date":"2023-08-14T16:01:23","date_gmt":"2023-08-14T16:01:23","guid":{"rendered":"https:\/\/www.irf.hu\/?page_id=6517"},"modified":"2024-11-19T16:32:00","modified_gmt":"2024-11-19T16:32:00","slug":"our-company","status":"publish","type":"page","link":"https:\/\/www.irf.hu\/en\/cegunkrol\/","title":{"rendered":"About us"},"content":{"rendered":"<section class=\"bde-section-6517-272 bde-section\">\n              \n  \n\t\n\n  <div class=\"section-background-overlay\"><\/div>\n\n\n<div class=\"section-container\"><\/div>\n<\/section><section class=\"bde-section-6517-258 bde-section\">\n              \n  \n\t\n\n  <div class=\"section-background-overlay\"><\/div>\n\n\n<div class=\"section-container\"><div class=\"bde-columns-6517-259 bde-columns\"><div class=\"bde-column-6517-267 bde-column\">\n  \n\t\n\n\n\n<h1 class=\"bde-heading-6517-103 bde-heading\">\nAbout us\n<\/h1><div class=\"bde-fancy-divider-6517-104 bde-fancy-divider\">\n\n\n<div class=\"bde-fancy-divider__wrapper\">\n  <div class=\"bde-fancy-divider__separator\">\n  \t  <\/div>\n<\/div>\n\n<\/div><div class=\"bde-text-6517-105 bde-text\">\n<h2>Our dynamic team results a development company that boasts 30 years of development experience<br><\/h2>\n<\/div><div class=\"bde-div-6517-269 bde-div\">\n  \n\t\n\n\n\n<div class=\"bde-button-6517-270 bde-button\">\n    \n                                    \n    \n    \n    \n    \n            \n                    \n            \n            \n\n    \n    \n    \n    \n    \n    <a class=\"breakdance-link button-atom button-atom--custom bde-button__button\" href=\"https:\/\/www.irf.hu\/en\/request-a-quote\/\" target=\"_self\" data-type=\"url\"  >\n\n    \n        <span class=\"button-atom__text\">CONTACT<\/span>\n\n        \n        \n                <\/a>\n\n    \n\n\n<\/div><div class=\"bde-button-6517-271 bde-button\">\n    \n                                    \n    \n    \n    \n    \n            \n                    \n            \n            \n\n    \n    \n    \n    \n    \n    <a class=\"breakdance-link button-atom button-atom--custom bde-button__button\" href=\"https:\/\/www.irf.hu\/en\/contact\/\" target=\"_self\" data-type=\"url\"  >\n\n    \n        <span class=\"button-atom__text\">Contact details<\/span>\n\n        \n        \n                <\/a>\n\n    \n\n\n<\/div>\n<\/div>\n<\/div><div class=\"bde-column-6517-268 bde-column\">\n  \n\t\n\n\n\n\n<\/div><\/div><\/div>\n<\/section><section class=\"bde-section-6517-112 bde-section\">\n  \n\t\n\n\n\n<div class=\"section-container\"><div class=\"bde-columns-6517-115 bde-columns\"><div class=\"bde-column-6517-116 bde-column\">\n  \n\t\n\n\n\n<h1 class=\"bde-heading-6517-199 bde-heading\">\nWorld OOH Alliance Membership\n<\/h1><h1 class=\"bde-heading-6517-201 bde-heading\">\nNew headquarters on the V\u00e1ci \u00fat office corridor\n<\/h1><h1 class=\"bde-heading-6517-203 bde-heading\">\nWe are commissioned by MKB Pension Funds to design and develop responsive websites\n<\/h1><h1 class=\"bde-heading-6517-204 bde-heading\">\nDevelopment of digitalization solutions for pension funds is starting\t\n<\/h1><h1 class=\"bde-heading-6517-205 bde-heading\">\nWe are member of the BME computer engineer trainee program \t\n<\/h1><h1 class=\"bde-heading-6517-206 bde-heading\">\nOpening of a branch office in Vienna\n<\/h1><h1 class=\"bde-heading-6517-208 bde-heading\">\nING Pension Funds migrate to INGRID\t\n<\/h1><h1 class=\"bde-heading-6517-209 bde-heading\">\nIngrid manages assets of 500,000 members and HUF 500bn\t\n<\/h1><h1 class=\"bde-heading-6517-210 bde-heading\">\nLaunch of Ingrid Medall Health Pension Scheme\n<\/h1><h1 class=\"bde-heading-6517-211 bde-heading\">\nOpening IRF office in Buda Business Center\n<\/h1><h1 class=\"bde-heading-6517-213 bde-heading\">\nWinterthur Pension Funds migrate to INGRID\t\n<\/h1><h1 class=\"bde-heading-6517-215 bde-heading\">\nDevelopment of large-scale VAX-VMS case management systems for Westel R\u00e1di\u00f3telefon Ltd.\t\n<\/h1>\n<\/div><div class=\"bde-column-6517-117 bde-column\">\n  \n\t\n\n\n\n<div class=\"bde-image-6517-119 bde-image\">\n<figure class=\"breakdance-image breakdance-image--6737\">\n\t<div class=\"breakdance-image-container\">\n\t\t<div class=\"breakdance-image-clip\"><img loading=\"lazy\" decoding=\"async\" class=\"breakdance-image-object\" src=\"https:\/\/www.irf.hu\/wp-content\/uploads\/2023\/08\/weblap_timeline.png\" width=\"1294\" height=\"19463\" sizes=\"auto, (max-width: 1294px) 100vw, 1294px\"><\/div>\n\t<\/div><\/figure>\n\n<\/div><h1 class=\"bde-heading-6517-216 bde-heading\">\nCompany foundation\n<\/h1><h1 class=\"bde-heading-6517-217 bde-heading\">\n1994.06.15\n<\/h1>\n<\/div><div class=\"bde-column-6517-118 bde-column\">\n  \n\t\n\n\n\n<h1 class=\"bde-heading-6517-180 bde-heading\">\nAllianz Pensions choose IRF's digitalization solutions\t\n<\/h1><h1 class=\"bde-heading-6517-182 bde-heading\">\nDeployment of the first Programmatic Digital Out Of Home campaign as a supplier to JCDecaux\t\n<\/h1><h1 class=\"bde-heading-6517-184 bde-heading\">\nWe launch the development of the RVC viewer counting project\t\n<\/h1><h1 class=\"bde-heading-6517-185 bde-heading\">\nWe digitize 100% of workflow\n<\/h1><h1 class=\"bde-heading-6517-186 bde-heading\">\nLaunch Headlines Board prototype development\n<\/h1><h1 class=\"bde-heading-6517-189 bde-heading\">\nStart of partnership with FWI Group in Vienna\t\n<\/h1><h1 class=\"bde-heading-6517-190 bde-heading\">\nOpening a site in Veszpr\u00e9m\n<\/h1><h1 class=\"bde-heading-6517-191 bde-heading\">\nOpening Ganz street headquarters\n<\/h1><h1 class=\"bde-heading-6517-192 bde-heading\">\nIRF development team reaches 25 people\n<\/h1><h1 class=\"bde-heading-6517-193 bde-heading\">\nLaunch of first web applications on J2EE platform\n<\/h1><h1 class=\"bde-heading-6517-195 bde-heading\">\nUNIQA Pension Funds migrate to INGRID\t\n<\/h1><h1 class=\"bde-heading-6517-196 bde-heading\">\nLaunch of INGRID private pension fund system\n<\/h1><h1 class=\"bde-heading-6517-197 bde-heading\">\nWe develop the first version of the Ingrid Pension Fund System\n<\/h1>\n<\/div><\/div><\/div>\n<\/section><section class=\"bde-section-6517-146 bde-section\">\n  \n\t\n\n\n\n<div class=\"section-container\"><div class=\"bde-columns-6517-148 bde-columns\"><div class=\"bde-column-6517-149 bde-column\">\n  \n\t\n\n\n\n<div class=\"bde-image-6517-151 bde-image\">\n<figure class=\"breakdance-image breakdance-image--6738\">\n\t<div class=\"breakdance-image-container\">\n\t\t<div class=\"breakdance-image-clip\"><img loading=\"lazy\" decoding=\"async\" class=\"breakdance-image-object\" src=\"https:\/\/www.irf.hu\/wp-content\/uploads\/2023\/08\/mobil_weblap_timeline-1.png\" width=\"716\" height=\"22681\" sizes=\"auto, (max-width: 716px) 100vw, 716px\"><\/div>\n\t<\/div><\/figure>\n\n<\/div>\n<\/div><div class=\"bde-column-6517-150 bde-column\">\n  \n\t\n\n\n\n<h1 class=\"bde-heading-6517-219 bde-heading\">\nWorld OOH Alliance Membership\n<\/h1><h1 class=\"bde-heading-6517-221 bde-heading\">\nAllianz Pensions choose IRF's digitalization solutions\t\n<\/h1><h1 class=\"bde-heading-6517-223 bde-heading\">\nNew headquarters on the V\u00e1ci \u00fat office corridor\n<\/h1><h1 class=\"bde-heading-6517-225 bde-heading\">\nDeployment of the first Programmatic Digital Out Of Home campaign as a supplier to JCDecaux\t\n<\/h1><h1 class=\"bde-heading-6517-228 bde-heading\">\nWe launch the development of the RVC viewer counting project\t\n<\/h1><h1 class=\"bde-heading-6517-230 bde-heading\">\nWe are commissioned by MKB Pension Funds to design and develop responsive websites\n<\/h1><h1 class=\"bde-heading-6517-231 bde-heading\">\nWe digitize 100% of workflow\n<\/h1><h1 class=\"bde-heading-6517-232 bde-heading\">\nDevelopment of digitalization solutions for pension funds is starting\t\n<\/h1><h1 class=\"bde-heading-6517-234 bde-heading\">\nLaunch Headlines Board prototype development\n<\/h1><h1 class=\"bde-heading-6517-235 bde-heading\">\nWe are member of the BME computer engineer trainee program \t\n<\/h1><h1 class=\"bde-heading-6517-237 bde-heading\">\nStart of partnership with FWI Group in Vienna\t\n<\/h1><h1 class=\"bde-heading-6517-238 bde-heading\">\nOpening of a branch office in Vienna\n<\/h1><h1 class=\"bde-heading-6517-239 bde-heading\">\nOpening a site in Veszpr\u00e9m\n<\/h1><h1 class=\"bde-heading-6517-240 bde-heading\">\nOpening Ganz street headquarters\n<\/h1><h1 class=\"bde-heading-6517-242 bde-heading\">\nING Pension Funds migrate to INGRID\t\n<\/h1><h1 class=\"bde-heading-6517-243 bde-heading\">\nIRF development team reaches 25 people\n<\/h1><h1 class=\"bde-heading-6517-244 bde-heading\">\nIngrid manages assets of 500,000 members and HUF 500bn\t\n<\/h1><h1 class=\"bde-heading-6517-245 bde-heading\">\nLaunch of first web applications on J2EE platform\n<\/h1><h1 class=\"bde-heading-6517-246 bde-heading\">\nLaunch of Ingrid Medall Health Pension Scheme\n<\/h1><h1 class=\"bde-heading-6517-248 bde-heading\">\nUNIQA Pension Funds migrate to INGRID\t\n<\/h1><h1 class=\"bde-heading-6517-249 bde-heading\">\nOpening IRF office in Buda Business Center\n<\/h1><h1 class=\"bde-heading-6517-251 bde-heading\">\nWinterthur Pension Funds migrate to INGRID\t\n<\/h1><h1 class=\"bde-heading-6517-252 bde-heading\">\nLaunch of INGRID private pension fund system\n<\/h1><h1 class=\"bde-heading-6517-253 bde-heading\">\nWe develop the first version of Ingrid Pension Fund System\n<\/h1><h1 class=\"bde-heading-6517-255 bde-heading\">\nDevelopment of large-scale VAX-VMS case management systems for Westel R\u00e1di\u00f3telefon Ltd.\t\n<\/h1><h1 class=\"bde-heading-6517-256 bde-heading\">\nCompany foundation\n<\/h1><h1 class=\"bde-heading-6517-257 bde-heading\">\n1994.06.15\n<\/h1>\n<\/div><\/div><\/div>\n<\/section>","protected":false},"excerpt":{"rendered":"<p>C\u00e9g\u00fcnkr\u0151l Lend\u00fcletes csapatunk olyan fejleszt\u0151c\u00e9get alkot, mely 30 \u00e9ves fejleszt\u00e9si tapasztalattal b\u00fcszk\u00e9lkedhet KAPCSOLATFELV\u00c9TEL El\u00e9rhet\u0151s\u00e9geink World OOH sz\u00f6vets\u00e9g tags\u00e1g \u00daj sz\u00e9khely a V\u00e1ci \u00fati irodafolyos\u00f3n Az MKB P\u00e9nzt\u00e1rakt\u00f3l megb\u00edz\u00e1st kapunk reszponz\u00edv weboldalak tervez\u00e9s\u00e9re, fejleszt\u00e9s\u00e9re Indul a nyugd\u00edjp\u00e9nzt\u00e1ri digitaliz\u00e1ci\u00f3s megold\u00e1sok fejleszt\u00e9se Bel\u00e9p\u00fcnk a BME m\u00e9rn\u00f6kinformatikus gyakornoki progamba B\u00e9csi fi\u00f3kiroda megnyit\u00e1sa Az ING Nyugd\u00edjp\u00e9nzt\u00e1rak \u00e1tt\u00e9rnek az INGRID haszn\u00e1lat\u00e1ra [&hellip;]<\/p>\n","protected":false},"author":1,"featured_media":7337,"parent":0,"menu_order":0,"comment_status":"closed","ping_status":"closed","template":"","meta":{"_breakdance_hide_in_design_set":false,"_breakdance_tags":"","footnotes":""},"class_list":["post-6517","page","type-page","status-publish","has-post-thumbnail","hentry"],"yoast_head":"<!-- This site is optimized with the Yoast SEO Premium plugin v27.2 (Yoast SEO v27.2) - https:\/\/yoast.com\/product\/yoast-seo-premium-wordpress\/ -->\n<title>C\u00e9g\u00fcnkr\u0151l - IRF Solutions Kft.<\/title>\n<meta name=\"description\" content=\"Lend\u00fcletes csapatunk olyan fejleszt\u0151c\u00e9get alkot, mely 30 \u00e9ves fejleszt\u00e9si tapasztalattal b\u00fcszk\u00e9lkedhet a nyugd\u00edjp\u00e9nzt\u00e1ri adminisztr\u00e1ci\u00f3ban.\" \/>\n<meta name=\"robots\" content=\"index, follow, max-snippet:-1, max-image-preview:large, max-video-preview:-1\" \/>\n<link rel=\"canonical\" href=\"https:\/\/www.irf.hu\/en\/our-company\/\" \/>\n<meta property=\"og:locale\" content=\"en_GB\" \/>\n<meta property=\"og:type\" content=\"article\" \/>\n<meta property=\"og:title\" content=\"C\u00e9g\u00fcnkr\u0151l\" \/>\n<meta property=\"og:description\" content=\"Lend\u00fcletes csapatunk olyan fejleszt\u0151c\u00e9get alkot, mely 30 \u00e9ves fejleszt\u00e9si tapasztalattal b\u00fcszk\u00e9lkedhet a nyugd\u00edjp\u00e9nzt\u00e1ri adminisztr\u00e1ci\u00f3ban.\" \/>\n<meta property=\"og:url\" content=\"https:\/\/www.irf.hu\/en\/our-company\/\" \/>\n<meta property=\"og:site_name\" content=\"IRF Solutions Kft.\" \/>\n<meta property=\"article:modified_time\" content=\"2024-11-19T16:32:00+00:00\" \/>\n<meta property=\"og:image\" content=\"https:\/\/www.irf.hu\/wp-content\/uploads\/2023\/09\/irf-hero-cegunkrol-01.webp\" \/>\n\t<meta property=\"og:image:width\" content=\"1920\" \/>\n\t<meta property=\"og:image:height\" content=\"823\" \/>\n\t<meta property=\"og:image:type\" content=\"image\/webp\" \/>\n<meta name=\"twitter:card\" content=\"summary_large_image\" \/>\n<meta name=\"twitter:label1\" content=\"Estimated reading time\" \/>\n\t<meta name=\"twitter:data1\" content=\"3 minutes\" \/>\n<script type=\"application\/ld+json\" class=\"yoast-schema-graph\">{\"@context\":\"https:\/\/schema.org\",\"@graph\":[{\"@type\":\"WebPage\",\"@id\":\"https:\/\/www.irf.hu\/cegunkrol\/\",\"url\":\"https:\/\/www.irf.hu\/cegunkrol\/\",\"name\":\"C\u00e9g\u00fcnkr\u0151l - IRF Solutions Kft.\",\"isPartOf\":{\"@id\":\"https:\/\/www.irf.hu\/#website\"},\"primaryImageOfPage\":{\"@id\":\"https:\/\/www.irf.hu\/cegunkrol\/#primaryimage\"},\"image\":{\"@id\":\"https:\/\/www.irf.hu\/cegunkrol\/#primaryimage\"},\"thumbnailUrl\":\"https:\/\/www.irf.hu\/wp-content\/uploads\/2023\/09\/irf-hero-cegunkrol-01.webp\",\"datePublished\":\"2023-08-14T16:01:23+00:00\",\"dateModified\":\"2024-11-19T16:32:00+00:00\",\"description\":\"Lend\u00fcletes csapatunk olyan fejleszt\u0151c\u00e9get alkot, mely 30 \u00e9ves fejleszt\u00e9si tapasztalattal b\u00fcszk\u00e9lkedhet a nyugd\u00edjp\u00e9nzt\u00e1ri adminisztr\u00e1ci\u00f3ban.\",\"breadcrumb\":{\"@id\":\"https:\/\/www.irf.hu\/cegunkrol\/#breadcrumb\"},\"inLanguage\":\"en-GB\",\"potentialAction\":[{\"@type\":\"ReadAction\",\"target\":[\"https:\/\/www.irf.hu\/cegunkrol\/\"]}]},{\"@type\":\"ImageObject\",\"inLanguage\":\"en-GB\",\"@id\":\"https:\/\/www.irf.hu\/cegunkrol\/#primaryimage\",\"url\":\"https:\/\/www.irf.hu\/wp-content\/uploads\/2023\/09\/irf-hero-cegunkrol-01.webp\",\"contentUrl\":\"https:\/\/www.irf.hu\/wp-content\/uploads\/2023\/09\/irf-hero-cegunkrol-01.webp\",\"width\":1920,\"height\":823,\"caption\":\"Nyugd\u00edjp\u00e9nzt\u00e1ri adminisztr\u00e1ci\u00f3, szoftverfejleszt\u00e9s\"},{\"@type\":\"BreadcrumbList\",\"@id\":\"https:\/\/www.irf.hu\/cegunkrol\/#breadcrumb\",\"itemListElement\":[{\"@type\":\"ListItem\",\"position\":1,\"name\":\"Kezd\u0151lap\",\"item\":\"https:\/\/www.irf.hu\/\"},{\"@type\":\"ListItem\",\"position\":2,\"name\":\"C\u00e9g\u00fcnkr\u0151l\"}]},{\"@type\":\"WebSite\",\"@id\":\"https:\/\/www.irf.hu\/#website\",\"url\":\"https:\/\/www.irf.hu\/\",\"name\":\"IRF Solutions Kft.\",\"description\":\"\",\"publisher\":{\"@id\":\"https:\/\/www.irf.hu\/#organization\"},\"potentialAction\":[{\"@type\":\"SearchAction\",\"target\":{\"@type\":\"EntryPoint\",\"urlTemplate\":\"https:\/\/www.irf.hu\/?s={search_term_string}\"},\"query-input\":{\"@type\":\"PropertyValueSpecification\",\"valueRequired\":true,\"valueName\":\"search_term_string\"}}],\"inLanguage\":\"en-GB\"},{\"@type\":\"Organization\",\"@id\":\"https:\/\/www.irf.hu\/#organization\",\"name\":\"IRF Solutions Kft.\",\"url\":\"https:\/\/www.irf.hu\/\",\"logo\":{\"@type\":\"ImageObject\",\"inLanguage\":\"en-GB\",\"@id\":\"https:\/\/www.irf.hu\/#\/schema\/logo\/image\/\",\"url\":\"https:\/\/www.irf.hu\/wp-content\/uploads\/2023\/09\/irf_indexkep_1920x1080x.png\",\"contentUrl\":\"https:\/\/www.irf.hu\/wp-content\/uploads\/2023\/09\/irf_indexkep_1920x1080x.png\",\"width\":1920,\"height\":1080,\"caption\":\"IRF Solutions Kft.\"},\"image\":{\"@id\":\"https:\/\/www.irf.hu\/#\/schema\/logo\/image\/\"}}]}<\/script>\n<!-- \/ Yoast SEO Premium plugin. -->","yoast_head_json":{"title":"Our company - IRF Solutions Ltd.","description":"Lend\u00fcletes csapatunk olyan fejleszt\u0151c\u00e9get alkot, mely 30 \u00e9ves fejleszt\u00e9si tapasztalattal b\u00fcszk\u00e9lkedhet a nyugd\u00edjp\u00e9nzt\u00e1ri adminisztr\u00e1ci\u00f3ban.","robots":{"index":"index","follow":"follow","max-snippet":"max-snippet:-1","max-image-preview":"max-image-preview:large","max-video-preview":"max-video-preview:-1"},"canonical":"https:\/\/www.irf.hu\/en\/our-company\/","og_locale":"en_GB","og_type":"article","og_title":"C\u00e9g\u00fcnkr\u0151l","og_description":"Lend\u00fcletes csapatunk olyan fejleszt\u0151c\u00e9get alkot, mely 30 \u00e9ves fejleszt\u00e9si tapasztalattal b\u00fcszk\u00e9lkedhet a nyugd\u00edjp\u00e9nzt\u00e1ri adminisztr\u00e1ci\u00f3ban.","og_url":"https:\/\/www.irf.hu\/en\/our-company\/","og_site_name":"IRF Solutions Kft.","article_modified_time":"2024-11-19T16:32:00+00:00","og_image":[{"width":1920,"height":823,"url":"https:\/\/www.irf.hu\/wp-content\/uploads\/2023\/09\/irf-hero-cegunkrol-01.webp","type":"image\/webp"}],"twitter_card":"summary_large_image","twitter_misc":{"Estimated reading time":"3 minutes"},"schema":{"@context":"https:\/\/schema.org","@graph":[{"@type":"WebPage","@id":"https:\/\/www.irf.hu\/cegunkrol\/","url":"https:\/\/www.irf.hu\/cegunkrol\/","name":"Our company - IRF Solutions Ltd.","isPartOf":{"@id":"https:\/\/www.irf.hu\/#website"},"primaryImageOfPage":{"@id":"https:\/\/www.irf.hu\/cegunkrol\/#primaryimage"},"image":{"@id":"https:\/\/www.irf.hu\/cegunkrol\/#primaryimage"},"thumbnailUrl":"https:\/\/www.irf.hu\/wp-content\/uploads\/2023\/09\/irf-hero-cegunkrol-01.webp","datePublished":"2023-08-14T16:01:23+00:00","dateModified":"2024-11-19T16:32:00+00:00","description":"Lend\u00fcletes csapatunk olyan fejleszt\u0151c\u00e9get alkot, mely 30 \u00e9ves fejleszt\u00e9si tapasztalattal b\u00fcszk\u00e9lkedhet a nyugd\u00edjp\u00e9nzt\u00e1ri adminisztr\u00e1ci\u00f3ban.","breadcrumb":{"@id":"https:\/\/www.irf.hu\/cegunkrol\/#breadcrumb"},"inLanguage":"en-GB","potentialAction":[{"@type":"ReadAction","target":["https:\/\/www.irf.hu\/cegunkrol\/"]}]},{"@type":"ImageObject","inLanguage":"en-GB","@id":"https:\/\/www.irf.hu\/cegunkrol\/#primaryimage","url":"https:\/\/www.irf.hu\/wp-content\/uploads\/2023\/09\/irf-hero-cegunkrol-01.webp","contentUrl":"https:\/\/www.irf.hu\/wp-content\/uploads\/2023\/09\/irf-hero-cegunkrol-01.webp","width":1920,"height":823,"caption":"Nyugd\u00edjp\u00e9nzt\u00e1ri adminisztr\u00e1ci\u00f3, szoftverfejleszt\u00e9s"},{"@type":"BreadcrumbList","@id":"https:\/\/www.irf.hu\/cegunkrol\/#breadcrumb","itemListElement":[{"@type":"ListItem","position":1,"name":"Kezd\u0151lap","item":"https:\/\/www.irf.hu\/"},{"@type":"ListItem","position":2,"name":"C\u00e9g\u00fcnkr\u0151l"}]},{"@type":"WebSite","@id":"https:\/\/www.irf.hu\/#website","url":"https:\/\/www.irf.hu\/","name":"IRF Solutions Ltd.","description":"","publisher":{"@id":"https:\/\/www.irf.hu\/#organization"},"potentialAction":[{"@type":"SearchAction","target":{"@type":"EntryPoint","urlTemplate":"https:\/\/www.irf.hu\/?s={search_term_string}"},"query-input":{"@type":"PropertyValueSpecification","valueRequired":true,"valueName":"search_term_string"}}],"inLanguage":"en-GB"},{"@type":"Organization","@id":"https:\/\/www.irf.hu\/#organization","name":"IRF Solutions Ltd.","url":"https:\/\/www.irf.hu\/","logo":{"@type":"ImageObject","inLanguage":"en-GB","@id":"https:\/\/www.irf.hu\/#\/schema\/logo\/image\/","url":"https:\/\/www.irf.hu\/wp-content\/uploads\/2023\/09\/irf_indexkep_1920x1080x.png","contentUrl":"https:\/\/www.irf.hu\/wp-content\/uploads\/2023\/09\/irf_indexkep_1920x1080x.png","width":1920,"height":1080,"caption":"IRF Solutions Kft."},"image":{"@id":"https:\/\/www.irf.hu\/#\/schema\/logo\/image\/"}}]}},"_links":{"self":[{"href":"https:\/\/www.irf.hu\/en\/wp-json\/wp\/v2\/pages\/6517","targetHints":{"allow":["GET"]}}],"collection":[{"href":"https:\/\/www.irf.hu\/en\/wp-json\/wp\/v2\/pages"}],"about":[{"href":"https:\/\/www.irf.hu\/en\/wp-json\/wp\/v2\/types\/page"}],"author":[{"embeddable":true,"href":"https:\/\/www.irf.hu\/en\/wp-json\/wp\/v2\/users\/1"}],"replies":[{"embeddable":true,"href":"https:\/\/www.irf.hu\/en\/wp-json\/wp\/v2\/comments?post=6517"}],"version-history":[{"count":107,"href":"https:\/\/www.irf.hu\/en\/wp-json\/wp\/v2\/pages\/6517\/revisions"}],"predecessor-version":[{"id":7847,"href":"https:\/\/www.irf.hu\/en\/wp-json\/wp\/v2\/pages\/6517\/revisions\/7847"}],"wp:featuredmedia":[{"embeddable":true,"href":"https:\/\/www.irf.hu\/en\/wp-json\/wp\/v2\/media\/7337"}],"wp:attachment":[{"href":"https:\/\/www.irf.hu\/en\/wp-json\/wp\/v2\/media?parent=6517"}],"curies":[{"name":"wp","href":"https:\/\/api.w.org\/{rel}","templated":true}]}}